{"id":42,"date":"2022-06-06T01:30:50","date_gmt":"2022-06-05T23:30:50","guid":{"rendered":"http:\/\/franceturquie.com\/?page_id=42"},"modified":"2022-06-06T01:30:50","modified_gmt":"2022-06-05T23:30:50","slug":"administratif","status":"publish","type":"page","link":"https:\/\/franceturquie.com\/index.php\/administratif\/","title":{"rendered":"Administratif"},"content":{"rendered":"\n<p>Parce qu&#8217;il faut en passer par l\u00e0, voici toutes les infos mise \u00e0 jour sur les \u00e9l\u00e9ments administratifs<\/p>\n","protected":false},"excerpt":{"rendered":"<p>Parce qu&#8217;il faut en passer par l\u00e0, voici toutes les infos mise \u00e0 jour sur les \u00e9l\u00e9ments administratifs<\/p>\n","protected":false},"author":1,"featured_media":0,"parent":0,"menu_order":0,"comment_status":"closed","ping_status":"closed","template":"","meta":{"footnotes":""},"class_list":["post-42","page","type-page","status-publish","hentry"],"_links":{"self":[{"href":"https:\/\/franceturquie.com\/index.php\/wp-json\/wp\/v2\/pages\/42","targetHints":{"allow":["GET"]}}],"collection":[{"href":"https:\/\/franceturquie.com\/index.php\/wp-json\/wp\/v2\/pages"}],"about":[{"href":"https:\/\/franceturquie.com\/index.php\/wp-json\/wp\/v2\/types\/page"}],"author":[{"embeddable":true,"href":"https:\/\/franceturquie.com\/index.php\/wp-json\/wp\/v2\/users\/1"}],"replies":[{"embeddable":true,"href":"https:\/\/franceturquie.com\/index.php\/wp-json\/wp\/v2\/comments?post=42"}],"version-history":[{"count":1,"href":"https:\/\/franceturquie.com\/index.php\/wp-json\/wp\/v2\/pages\/42\/revisions"}],"predecessor-version":[{"id":43,"href":"https:\/\/franceturquie.com\/index.php\/wp-json\/wp\/v2\/pages\/42\/revisions\/43"}],"wp:attachment":[{"href":"https:\/\/franceturquie.com\/index.php\/wp-json\/wp\/v2\/media?parent=42"}],"curies":[{"name":"wp","href":"https:\/\/api.w.org\/{rel}","templated":true}]}}